{"id":3334,"date":"2020-12-09T13:57:17","date_gmt":"2020-12-09T16:57:17","guid":{"rendered":"https:\/\/ds5.com.br\/site\/?page_id=3334"},"modified":"2020-12-11T10:49:03","modified_gmt":"2020-12-11T13:49:03","slug":"feedback","status":"publish","type":"page","link":"https:\/\/ds5.com.br\/site\/feedback\/","title":{"rendered":"Feedback"},"content":{"rendered":"\t\t<div data-elementor-type=\"wp-page\" data-elementor-id=\"3334\" class=\"elementor elementor-3334\" data-elementor-settings=\"[]\">\n\t\t\t\t\t\t<div class=\"elementor-inner\">\n\t\t\t\t\t\t\t<div class=\"elementor-section-wrap\">\n\t\t\t\t\t\t\t<section class=\"elementor-section elementor-top-section elementor-element elementor-element-ff84e16 elementor-section-boxed elementor-section-height-default elementor-section-height-default\" data-id=\"ff84e16\" data-element_type=\"section\" data-settings=\"{&quot;background_background&quot;:&quot;gradient&quot;}\">\n\t\t\t\t\t\t\t<div class=\"elementor-background-overlay\"><\/div>\n\t\t\t\t\t\t\t<div class=\"elementor-container elementor-column-gap-default\">\n\t\t\t\t\t\t\t<div class=\"elementor-row\">\n\t\t\t\t\t<div class=\"elementor-column elementor-col-100 elementor-top-column elementor-element elementor-element-a6253b8\" data-id=\"a6253b8\" data-element_type=\"column\">\n\t\t\t<div class=\"elementor-column-wrap elementor-element-populated\">\n\t\t\t\t\t\t\t<div class=\"elementor-widget-wrap\">\n\t\t\t\t\t\t<div class=\"elementor-element elementor-element-6289741 elementor-widget elementor-widget-spacer\" data-id=\"6289741\" data-element_type=\"widget\" data-widget_type=\"spacer.default\">\n\t\t\t\t<div class=\"elementor-widget-container\">\n\t\t\t\t\t<div class=\"elementor-spacer\">\n\t\t\t<div class=\"elementor-spacer-inner\"><\/div>\n\t\t<\/div>\n\t\t\t\t<\/div>\n\t\t\t\t<\/div>\n\t\t\t\t<div class=\"elementor-element elementor-element-c7577a6 elementor-widget elementor-widget-image\" data-id=\"c7577a6\" data-element_type=\"widget\" data-widget_type=\"image.default\">\n\t\t\t\t<div class=\"elementor-widget-container\">\n\t\t\t\t\t\t\t\t<div class=\"elementor-image\">\n\t\t\t\t\t\t\t\t\t\t\t\t<img width=\"300\" height=\"112\" src=\"https:\/\/ds5.com.br\/site\/wp-content\/uploads\/2020\/09\/full_semfundo_fontebranca_subBranco-300x112.png\" class=\"attachment-medium size-medium\" alt=\"\" loading=\"lazy\" srcset=\"https:\/\/ds5.com.br\/site\/wp-content\/uploads\/2020\/09\/full_semfundo_fontebranca_subBranco-300x112.png 300w, https:\/\/ds5.com.br\/site\/wp-content\/uploads\/2020\/09\/full_semfundo_fontebranca_subBranco-1024x381.png 1024w, https:\/\/ds5.com.br\/site\/wp-content\/uploads\/2020\/09\/full_semfundo_fontebranca_subBranco-768x286.png 768w, https:\/\/ds5.com.br\/site\/wp-content\/uploads\/2020\/09\/full_semfundo_fontebranca_subBranco-1536x571.png 1536w, https:\/\/ds5.com.br\/site\/wp-content\/uploads\/2020\/09\/full_semfundo_fontebranca_subBranco.png 2000w\" sizes=\"(max-width: 300px) 100vw, 300px\" \/>\t\t\t\t\t\t\t\t\t\t\t\t\t\t<\/div>\n\t\t\t\t\t\t<\/div>\n\t\t\t\t<\/div>\n\t\t\t\t\t\t<\/div>\n\t\t\t\t\t<\/div>\n\t\t<\/div>\n\t\t\t\t\t\t\t\t<\/div>\n\t\t\t\t\t<\/div>\n\t\t<\/section>\n\t\t\t\t<section class=\"elementor-section elementor-top-section elementor-element elementor-element-c050d54 elementor-section-boxed elementor-section-height-default elementor-section-height-default\" data-id=\"c050d54\" data-element_type=\"section\">\n\t\t\t\t\t\t<div class=\"elementor-container elementor-column-gap-default\">\n\t\t\t\t\t\t\t<div class=\"elementor-row\">\n\t\t\t\t\t<div class=\"elementor-column elementor-col-50 elementor-top-column elementor-element elementor-element-e4e4894\" data-id=\"e4e4894\" data-element_type=\"column\">\n\t\t\t<div class=\"elementor-column-wrap elementor-element-populated\">\n\t\t\t\t\t\t\t<div class=\"elementor-widget-wrap\">\n\t\t\t\t\t\t<div class=\"elementor-element elementor-element-00f6d30 elementor-widget elementor-widget-wpforms\" data-id=\"00f6d30\" data-element_type=\"widget\" data-widget_type=\"wpforms.default\">\n\t\t\t\t<div class=\"elementor-widget-container\">\n\t\t\t<script type=\"text\/html\" id=\"tmpl-wpforms-builder-elementor-popup\">\n\t<div id=\"wpforms-builder-elementor-popup\" style=\"display:none;\">\n\t\t<iframe loading=\"lazy\" src=\"about:blank\" width=\"100%\" height=\"100%\" frameborder=\"0\" id=\"wpforms-builder-iframe\"><\/iframe>\n\t<\/div>\n<\/script>\n<div class=\"wpforms-container wpforms-container-full\" id=\"wpforms-3328\"><form id=\"wpforms-form-3328\" class=\"wpforms-validate wpforms-form\" data-formid=\"3328\" method=\"post\" enctype=\"multipart\/form-data\" action=\"\/site\/wp-json\/wp\/v2\/pages\/3334\" data-token=\"7a3ac98c9b6e7833acb68288e2838329\"><div class=\"wpforms-head-container\"><div class=\"wpforms-title\">Deixe sua opini\u00e3o ou sugest\u00e3o:<\/div><\/div><noscript class=\"wpforms-error-noscript\">Ative o JavaScript no seu navegador para preencher este formul\u00e1rio.<\/noscript><div class=\"wpforms-field-container\"><div id=\"wpforms-3328-field_2-container\" class=\"wpforms-field wpforms-field-radio wpforms-list-inline\" data-field-id=\"2\"><label class=\"wpforms-field-label\" for=\"wpforms-3328-field_2\">Como voc\u00ea avalia nossos servi\u00e7os com rela\u00e7\u00e3o a qualidade e quantidade de RECURSOS DISPON\u00cdVEIS?  <span class=\"wpforms-required-label\">*<\/span><\/label><ul id=\"wpforms-3328-field_2\" class=\"wpforms-field-required wpforms-image-choices wpforms-image-choices-classic\"><li class=\"choice-5 depth-1 wpforms-image-choices-item\"><label class=\"wpforms-field-label-inline\" for=\"wpforms-3328-field_2_5\" tabindex=\"0\"><span class=\"wpforms-image-choices-image\"><img src=\"http:\/\/ds5.com.br\/site\/wp-content\/uploads\/2020\/12\/av2-5.png\" alt=\"\u00d3timo\" title=\"\u00d3timo\"><\/span><input type=\"radio\" id=\"wpforms-3328-field_2_5\" class=\"wpforms-screen-reader-element\" name=\"wpforms[fields][2]\" value=\"\u00d3timo\" tabindex=\"-1\" required ><span class=\"wpforms-image-choices-label\">\u00d3timo<\/span><\/label><\/li><li class=\"choice-4 depth-1 wpforms-image-choices-item\"><label class=\"wpforms-field-label-inline\" for=\"wpforms-3328-field_2_4\" tabindex=\"0\"><span class=\"wpforms-image-choices-image\"><img src=\"http:\/\/ds5.com.br\/site\/wp-content\/uploads\/2020\/12\/av2-4.png\" alt=\"Bom\" title=\"Bom\"><\/span><input type=\"radio\" id=\"wpforms-3328-field_2_4\" class=\"wpforms-screen-reader-element\" name=\"wpforms[fields][2]\" value=\"Bom\" tabindex=\"-1\" required ><span class=\"wpforms-image-choices-label\">Bom<\/span><\/label><\/li><li class=\"choice-3 depth-1 wpforms-image-choices-item\"><label class=\"wpforms-field-label-inline\" for=\"wpforms-3328-field_2_3\" tabindex=\"0\"><span class=\"wpforms-image-choices-image\"><img src=\"http:\/\/ds5.com.br\/site\/wp-content\/uploads\/2020\/12\/av2-3.png\" alt=\"Mediano\" title=\"Mediano\"><\/span><input type=\"radio\" id=\"wpforms-3328-field_2_3\" class=\"wpforms-screen-reader-element\" name=\"wpforms[fields][2]\" value=\"Mediano\" tabindex=\"-1\" required ><span class=\"wpforms-image-choices-label\">Mediano<\/span><\/label><\/li><li class=\"choice-2 depth-1 wpforms-image-choices-item\"><label class=\"wpforms-field-label-inline\" for=\"wpforms-3328-field_2_2\" tabindex=\"0\"><span class=\"wpforms-image-choices-image\"><img src=\"http:\/\/ds5.com.br\/site\/wp-content\/uploads\/2020\/12\/av2-2.png\" alt=\"Ruim\" title=\"Ruim\"><\/span><input type=\"radio\" id=\"wpforms-3328-field_2_2\" class=\"wpforms-screen-reader-element\" name=\"wpforms[fields][2]\" value=\"Ruim\" tabindex=\"-1\" required ><span class=\"wpforms-image-choices-label\">Ruim<\/span><\/label><\/li><li class=\"choice-1 depth-1 wpforms-image-choices-item\"><label class=\"wpforms-field-label-inline\" for=\"wpforms-3328-field_2_1\" tabindex=\"0\"><span class=\"wpforms-image-choices-image\"><img src=\"http:\/\/ds5.com.br\/site\/wp-content\/uploads\/2020\/12\/av2-1.png\" alt=\"P\u00e9ssimo\" title=\"P\u00e9ssimo\"><\/span><input type=\"radio\" id=\"wpforms-3328-field_2_1\" class=\"wpforms-screen-reader-element\" name=\"wpforms[fields][2]\" value=\"P\u00e9ssimo\" tabindex=\"-1\" required ><span class=\"wpforms-image-choices-label\">P\u00e9ssimo<\/span><\/label><\/li><\/ul><\/div><div id=\"wpforms-3328-field_6-container\" class=\"wpforms-field wpforms-field-radio wpforms-list-inline\" data-field-id=\"6\"><label class=\"wpforms-field-label\" for=\"wpforms-3328-field_6\">Como voc\u00ea avalia a qualidade e efic\u00e1cia de nosso SUPORTE T\u00c9CNICO? <span class=\"wpforms-required-label\">*<\/span><\/label><ul id=\"wpforms-3328-field_6\" class=\"wpforms-field-required wpforms-image-choices wpforms-image-choices-classic\"><li class=\"choice-5 depth-1 wpforms-image-choices-item\"><label class=\"wpforms-field-label-inline\" for=\"wpforms-3328-field_6_5\" tabindex=\"0\"><span class=\"wpforms-image-choices-image\"><img src=\"http:\/\/ds5.com.br\/site\/wp-content\/uploads\/2020\/12\/av2-5.png\" alt=\"\u00d3timo\" title=\"\u00d3timo\"><\/span><input type=\"radio\" id=\"wpforms-3328-field_6_5\" class=\"wpforms-screen-reader-element\" name=\"wpforms[fields][6]\" value=\"\u00d3timo\" tabindex=\"-1\" required ><span class=\"wpforms-image-choices-label\">\u00d3timo<\/span><\/label><\/li><li class=\"choice-4 depth-1 wpforms-image-choices-item\"><label class=\"wpforms-field-label-inline\" for=\"wpforms-3328-field_6_4\" tabindex=\"0\"><span class=\"wpforms-image-choices-image\"><img src=\"http:\/\/ds5.com.br\/site\/wp-content\/uploads\/2020\/12\/av2-4.png\" alt=\"Bom\" title=\"Bom\"><\/span><input type=\"radio\" id=\"wpforms-3328-field_6_4\" class=\"wpforms-screen-reader-element\" name=\"wpforms[fields][6]\" value=\"Bom\" tabindex=\"-1\" required ><span class=\"wpforms-image-choices-label\">Bom<\/span><\/label><\/li><li class=\"choice-3 depth-1 wpforms-image-choices-item\"><label class=\"wpforms-field-label-inline\" for=\"wpforms-3328-field_6_3\" tabindex=\"0\"><span class=\"wpforms-image-choices-image\"><img src=\"http:\/\/ds5.com.br\/site\/wp-content\/uploads\/2020\/12\/av2-3.png\" alt=\"Mediano\" title=\"Mediano\"><\/span><input type=\"radio\" id=\"wpforms-3328-field_6_3\" class=\"wpforms-screen-reader-element\" name=\"wpforms[fields][6]\" value=\"Mediano\" tabindex=\"-1\" required ><span class=\"wpforms-image-choices-label\">Mediano<\/span><\/label><\/li><li class=\"choice-2 depth-1 wpforms-image-choices-item\"><label class=\"wpforms-field-label-inline\" for=\"wpforms-3328-field_6_2\" tabindex=\"0\"><span class=\"wpforms-image-choices-image\"><img src=\"http:\/\/ds5.com.br\/site\/wp-content\/uploads\/2020\/12\/av2-2.png\" alt=\"Ruim\" title=\"Ruim\"><\/span><input type=\"radio\" id=\"wpforms-3328-field_6_2\" class=\"wpforms-screen-reader-element\" name=\"wpforms[fields][6]\" value=\"Ruim\" tabindex=\"-1\" required ><span class=\"wpforms-image-choices-label\">Ruim<\/span><\/label><\/li><li class=\"choice-1 depth-1 wpforms-image-choices-item\"><label class=\"wpforms-field-label-inline\" for=\"wpforms-3328-field_6_1\" tabindex=\"0\"><span class=\"wpforms-image-choices-image\"><img src=\"http:\/\/ds5.com.br\/site\/wp-content\/uploads\/2020\/12\/av2-1.png\" alt=\"P\u00e9ssimo\" title=\"P\u00e9ssimo\"><\/span><input type=\"radio\" id=\"wpforms-3328-field_6_1\" class=\"wpforms-screen-reader-element\" name=\"wpforms[fields][6]\" value=\"P\u00e9ssimo\" tabindex=\"-1\" required ><span class=\"wpforms-image-choices-label\">P\u00e9ssimo<\/span><\/label><\/li><\/ul><\/div><div id=\"wpforms-3328-field_4-container\" class=\"wpforms-field wpforms-field-textarea\" data-field-id=\"4\"><label class=\"wpforms-field-label\" for=\"wpforms-3328-field_4\">Conte-nos como podemos melhorar:  <span class=\"wpforms-required-label\">*<\/span><\/label><textarea id=\"wpforms-3328-field_4\" class=\"wpforms-field-medium wpforms-field-required\" name=\"wpforms[fields][4]\" required><\/textarea><\/div><div id=\"wpforms-3328-field_0-container\" class=\"wpforms-field wpforms-field-name\" data-field-id=\"0\"><label class=\"wpforms-field-label\" for=\"wpforms-3328-field_0\">Seu Nome: <\/label><input type=\"text\" id=\"wpforms-3328-field_0\" class=\"wpforms-field-medium\" name=\"wpforms[fields][0]\" placeholder=\"Informa\u00e7\u00e3o Opcional, voc\u00ea pode enviar esse dado de forma an\u00f4nima.\" ><\/div><div id=\"wpforms-3328-field_5-container\" class=\"wpforms-field wpforms-field-text\" data-field-id=\"5\"><label class=\"wpforms-field-label\" for=\"wpforms-3328-field_5\">Empresa: <span class=\"wpforms-required-label\">*<\/span><\/label><input type=\"text\" id=\"wpforms-3328-field_5\" class=\"wpforms-field-medium wpforms-field-required\" name=\"wpforms[fields][5]\" placeholder=\"Informe sua Empresa.\" required><\/div><div id=\"wpforms-3328-field_1-container\" class=\"wpforms-field wpforms-field-email\" data-field-id=\"1\"><label class=\"wpforms-field-label\" for=\"wpforms-3328-field_1\">E-mail: <\/label><input type=\"email\" id=\"wpforms-3328-field_1\" class=\"wpforms-field-medium\" name=\"wpforms[fields][1]\" placeholder=\"Informa\u00e7\u00e3o Opcional, voc\u00ea pode enviar esse dado de forma an\u00f4nima.\" ><div class=\"wpforms-field-description\">Digite seu e-mail, para que possamos entrar em contato.<\/div><\/div><\/div><div class=\"wpforms-submit-container\" ><input type=\"hidden\" name=\"wpforms[id]\" value=\"3328\"><input type=\"hidden\" name=\"wpforms[author]\" value=\"2\"><button type=\"submit\" name=\"wpforms[submit]\" class=\"wpforms-submit \" id=\"wpforms-submit-3328\" value=\"wpforms-submit\" aria-live=\"assertive\" data-alt-text=\"Enviando...\" data-submit-text=\"Enviar\">Enviar<\/button><\/div><\/form><\/div>  <!-- .wpforms-container -->\t\t<\/div>\n\t\t\t\t<\/div>\n\t\t\t\t\t\t<\/div>\n\t\t\t\t\t<\/div>\n\t\t<\/div>\n\t\t\t\t<div class=\"elementor-column elementor-col-50 elementor-top-column elementor-element elementor-element-382ccf1\" data-id=\"382ccf1\" data-element_type=\"column\">\n\t\t\t<div class=\"elementor-column-wrap elementor-element-populated\">\n\t\t\t\t\t\t\t<div class=\"elementor-widget-wrap\">\n\t\t\t\t\t\t<div class=\"elementor-element elementor-element-13b31f9 elementor-widget elementor-widget-spacer\" data-id=\"13b31f9\" data-element_type=\"widget\" data-widget_type=\"spacer.default\">\n\t\t\t\t<div class=\"elementor-widget-container\">\n\t\t\t\t\t<div class=\"elementor-spacer\">\n\t\t\t<div class=\"elementor-spacer-inner\"><\/div>\n\t\t<\/div>\n\t\t\t\t<\/div>\n\t\t\t\t<\/div>\n\t\t\t\t<div class=\"elementor-element elementor-element-22bb7b2 elementor-widget elementor-widget-image\" data-id=\"22bb7b2\" data-element_type=\"widget\" data-widget_type=\"image.default\">\n\t\t\t\t<div class=\"elementor-widget-container\">\n\t\t\t\t\t\t\t\t<div class=\"elementor-image\">\n\t\t\t\t\t\t\t\t\t\t\t\t<img width=\"509\" height=\"1024\" src=\"https:\/\/ds5.com.br\/site\/wp-content\/uploads\/2020\/12\/CertiCumprido2.png\" class=\"attachment-large size-large\" alt=\"\" loading=\"lazy\" \/>\t\t\t\t\t\t\t\t\t\t\t\t\t\t<\/div>\n\t\t\t\t\t\t<\/div>\n\t\t\t\t<\/div>\n\t\t\t\t\t\t<\/div>\n\t\t\t\t\t<\/div>\n\t\t<\/div>\n\t\t\t\t\t\t\t\t<\/div>\n\t\t\t\t\t<\/div>\n\t\t<\/section>\n\t\t\t\t<section class=\"elementor-section elementor-top-section elementor-element elementor-element-2056f13 elementor-section-boxed elementor-section-height-default elementor-section-height-default\" data-id=\"2056f13\" data-element_type=\"section\">\n\t\t\t\t\t\t<div class=\"elementor-container elementor-column-gap-default\">\n\t\t\t\t\t\t\t<div class=\"elementor-row\">\n\t\t\t\t\t\t\t\t\t<\/div>\n\t\t\t\t\t<\/div>\n\t\t<\/section>\n\t\t\t\t<section class=\"elementor-section elementor-top-section elementor-element elementor-element-62acbd2 elementor-section-content-middle elementor-section-boxed elementor-section-height-default elementor-section-height-default\" data-id=\"62acbd2\" data-element_type=\"section\">\n\t\t\t\t\t\t<div class=\"elementor-container elementor-column-gap-narrow\">\n\t\t\t\t\t\t\t<div class=\"elementor-row\">\n\t\t\t\t\t\t\t\t\t<\/div>\n\t\t\t\t\t<\/div>\n\t\t<\/section>\n\t\t\t\t<footer class=\"elementor-section elementor-top-section elementor-element elementor-element-eab1066 elementor-section-content-bottom elementor-section-boxed elementor-section-height-default elementor-section-height-default\" data-id=\"eab1066\" data-element_type=\"section\" data-settings=\"{&quot;background_background&quot;:&quot;gradient&quot;}\">\n\t\t\t\t\t\t\t<div class=\"elementor-background-overlay\"><\/div>\n\t\t\t\t\t\t\t<div class=\"elementor-container elementor-column-gap-default\">\n\t\t\t\t\t\t\t<div class=\"elementor-row\">\n\t\t\t\t\t<div class=\"elementor-column elementor-col-100 elementor-top-column elementor-element elementor-element-33f6fef\" data-id=\"33f6fef\" data-element_type=\"column\">\n\t\t\t<div class=\"elementor-column-wrap elementor-element-populated\">\n\t\t\t\t\t\t\t<div class=\"elementor-widget-wrap\">\n\t\t\t\t\t\t<div class=\"elementor-element elementor-element-4a977fe elementor-widget elementor-widget-spacer\" data-id=\"4a977fe\" data-element_type=\"widget\" data-widget_type=\"spacer.default\">\n\t\t\t\t<div class=\"elementor-widget-container\">\n\t\t\t\t\t<div class=\"elementor-spacer\">\n\t\t\t<div class=\"elementor-spacer-inner\"><\/div>\n\t\t<\/div>\n\t\t\t\t<\/div>\n\t\t\t\t<\/div>\n\t\t\t\t\t\t<\/div>\n\t\t\t\t\t<\/div>\n\t\t<\/div>\n\t\t\t\t\t\t\t\t<\/div>\n\t\t\t\t\t<\/div>\n\t\t<\/footer>\n\t\t\t\t\t\t<\/div>\n\t\t\t\t\t\t<\/div>\n\t\t\t\t\t<\/div>\n\t\t","protected":false},"excerpt":{"rendered":"","protected":false},"author":2,"featured_media":0,"parent":0,"menu_order":0,"comment_status":"closed","ping_status":"closed","template":"elementor_canvas","meta":[],"uagb_featured_image_src":{"full":false,"thumbnail":false,"medium":false,"medium_large":false,"large":false,"1536x1536":false,"2048x2048":false},"uagb_author_info":{"display_name":"ds5 sistemas","author_link":"https:\/\/ds5.com.br\/site\/author\/ds5\/"},"uagb_comment_info":0,"uagb_excerpt":null,"_links":{"self":[{"href":"https:\/\/ds5.com.br\/site\/wp-json\/wp\/v2\/pages\/3334"}],"collection":[{"href":"https:\/\/ds5.com.br\/site\/wp-json\/wp\/v2\/pages"}],"about":[{"href":"https:\/\/ds5.com.br\/site\/wp-json\/wp\/v2\/types\/page"}],"author":[{"embeddable":true,"href":"https:\/\/ds5.com.br\/site\/wp-json\/wp\/v2\/users\/2"}],"replies":[{"embeddable":true,"href":"https:\/\/ds5.com.br\/site\/wp-json\/wp\/v2\/comments?post=3334"}],"version-history":[{"count":25,"href":"https:\/\/ds5.com.br\/site\/wp-json\/wp\/v2\/pages\/3334\/revisions"}],"predecessor-version":[{"id":3407,"href":"https:\/\/ds5.com.br\/site\/wp-json\/wp\/v2\/pages\/3334\/revisions\/3407"}],"wp:attachment":[{"href":"https:\/\/ds5.com.br\/site\/wp-json\/wp\/v2\/media?parent=3334"}],"curies":[{"name":"wp","href":"https:\/\/api.w.org\/{rel}","templated":true}]}}