{"id":3528,"date":"2022-06-02T12:03:52","date_gmt":"2022-06-02T15:03:52","guid":{"rendered":"https:\/\/ds5.com.br\/site\/?page_id=3528"},"modified":"2022-06-02T12:05:57","modified_gmt":"2022-06-02T15:05:57","slug":"sites-e-commerce","status":"publish","type":"page","link":"https:\/\/ds5.com.br\/site\/sites-e-commerce\/","title":{"rendered":"Sites &#038; e-Commerce"},"content":{"rendered":"\t\t<div data-elementor-type=\"wp-page\" data-elementor-id=\"3528\" class=\"elementor elementor-3528\" data-elementor-settings=\"[]\">\n\t\t\t\t\t\t<div class=\"elementor-inner\">\n\t\t\t\t\t\t\t<div class=\"elementor-section-wrap\">\n\t\t\t\t\t\t\t<section class=\"elementor-section elementor-top-section elementor-element elementor-element-1ddec84f elementor-section-boxed elementor-section-height-default elementor-section-height-default\" data-id=\"1ddec84f\" data-element_type=\"section\">\n\t\t\t\t\t\t<div class=\"elementor-container elementor-column-gap-default\">\n\t\t\t\t\t\t\t<div class=\"elementor-row\">\n\t\t\t\t\t<div class=\"elementor-column elementor-col-100 elementor-top-column elementor-element elementor-element-6e0c783a\" data-id=\"6e0c783a\" data-element_type=\"column\">\n\t\t\t<div class=\"elementor-column-wrap elementor-element-populated\">\n\t\t\t\t\t\t\t<div class=\"elementor-widget-wrap\">\n\t\t\t\t\t\t<div class=\"elementor-element elementor-element-78b1e543 elementor-widget elementor-widget-text-editor\" data-id=\"78b1e543\" data-element_type=\"widget\" data-widget_type=\"text-editor.default\">\n\t\t\t\t<div class=\"elementor-widget-container\">\n\t\t\t\t\t\t\t\t<div class=\"elementor-text-editor elementor-clearfix\">\n\t\t\t\t\t<!-- wp:wpforms\/form-selector {\"formId\":\"3527\"} \/-->\t\t\t\t\t<\/div>\n\t\t\t\t\t\t<\/div>\n\t\t\t\t<\/div>\n\t\t\t\t\t\t<\/div>\n\t\t\t\t\t<\/div>\n\t\t<\/div>\n\t\t\t\t\t\t\t\t<\/div>\n\t\t\t\t\t<\/div>\n\t\t<\/section>\n\t\t\t\t<section class=\"elementor-section elementor-top-section elementor-element elementor-element-76a083f elementor-section-boxed elementor-section-height-default elementor-section-height-default\" data-id=\"76a083f\" data-element_type=\"section\">\n\t\t\t\t\t\t<div class=\"elementor-container elementor-column-gap-default\">\n\t\t\t\t\t\t\t<div class=\"elementor-row\">\n\t\t\t\t\t<div class=\"elementor-column elementor-col-100 elementor-top-column elementor-element elementor-element-ad6e9b1\" data-id=\"ad6e9b1\" data-element_type=\"column\">\n\t\t\t<div class=\"elementor-column-wrap elementor-element-populated\">\n\t\t\t\t\t\t\t<div class=\"elementor-widget-wrap\">\n\t\t\t\t\t\t<div class=\"elementor-element elementor-element-12431f9 eael-wpforms-labels-yes eael-wpforms-form-button-custom elementor-widget elementor-widget-eael-wpforms\" data-id=\"12431f9\" data-element_type=\"widget\" data-widget_type=\"eael-wpforms.default\">\n\t\t\t\t<div class=\"elementor-widget-container\">\n\t\t\t            <div class=\"eael-contact-form eael-wpforms eael-contact-form-align-default\">\n                                <div class=\"wpforms-container wpforms-container-full\" id=\"wpforms-3527\"><form id=\"wpforms-form-3527\" class=\"wpforms-validate wpforms-form\" data-formid=\"3527\" method=\"post\" enctype=\"multipart\/form-data\" action=\"\/site\/wp-json\/wp\/v2\/pages\/3528\" data-token=\"7a3ac98c9b6e7833acb68288e2838329\"><div class=\"wpforms-head-container\"><div class=\"wpforms-title\">Informa\u00e7\u00f5es Site &amp; e-Commerce<\/div><\/div><noscript class=\"wpforms-error-noscript\">Ative o JavaScript no seu navegador para preencher este formul\u00e1rio.<\/noscript><div class=\"wpforms-field-container\"><div id=\"wpforms-3527-field_1-container\" class=\"wpforms-field wpforms-field-text\" data-field-id=\"1\"><label class=\"wpforms-field-label\" for=\"wpforms-3527-field_1\">Nome Fantasia:<\/label><input type=\"text\" id=\"wpforms-3527-field_1\" class=\"wpforms-field-large\" name=\"wpforms[fields][1]\" ><div class=\"wpforms-field-description\">Nome que ser\u00e1 exibido no site.<\/div><\/div><div id=\"wpforms-3527-field_2-container\" class=\"wpforms-field wpforms-field-text\" data-field-id=\"2\"><label class=\"wpforms-field-label\" for=\"wpforms-3527-field_2\">Slogan da empresa:<\/label><input type=\"text\" id=\"wpforms-3527-field_2\" class=\"wpforms-field-large\" name=\"wpforms[fields][2]\" ><\/div><div id=\"wpforms-3527-field_3-container\" class=\"wpforms-field wpforms-field-text\" data-field-id=\"3\"><label class=\"wpforms-field-label\" for=\"wpforms-3527-field_3\">Ramo\/Seguimento de atividade:<\/label><input type=\"text\" id=\"wpforms-3527-field_3\" class=\"wpforms-field-large\" name=\"wpforms[fields][3]\" ><\/div><div id=\"wpforms-3527-field_4-container\" class=\"wpforms-field wpforms-field-text\" data-field-id=\"4\"><label class=\"wpforms-field-label\" for=\"wpforms-3527-field_4\">Tempo de atua\u00e7\u00e3o no mercado:<\/label><input type=\"text\" id=\"wpforms-3527-field_4\" class=\"wpforms-field-large\" name=\"wpforms[fields][4]\" ><\/div><div id=\"wpforms-3527-field_5-container\" class=\"wpforms-field wpforms-field-text\" data-field-id=\"5\"><label class=\"wpforms-field-label\" for=\"wpforms-3527-field_5\">Como a empresa surgiu:<\/label><input type=\"text\" id=\"wpforms-3527-field_5\" class=\"wpforms-field-large\" name=\"wpforms[fields][5]\" ><\/div><div id=\"wpforms-3527-field_6-container\" class=\"wpforms-field wpforms-field-text\" data-field-id=\"6\"><label class=\"wpforms-field-label\" for=\"wpforms-3527-field_6\">Valores, ideais, objetivos que regem a empresa:<\/label><input type=\"text\" id=\"wpforms-3527-field_6\" class=\"wpforms-field-large\" name=\"wpforms[fields][6]\" ><\/div><div id=\"wpforms-3527-field_21-container\" class=\"wpforms-field wpforms-field-textarea\" data-field-id=\"21\"><label class=\"wpforms-field-label\" for=\"wpforms-3527-field_21\">Perguntas Frequentes sobre a empresa, servi\u00e7os prestados ou mercadoria vendida:<\/label><textarea id=\"wpforms-3527-field_21\" class=\"wpforms-field-medium\" name=\"wpforms[fields][21]\" ><\/textarea><div class=\"wpforms-field-description\">Informar tamb\u00e9m suas respectivas respostas.<\/div><\/div><div id=\"wpforms-3527-field_8-container\" class=\"wpforms-field wpforms-field-text\" data-field-id=\"8\"><label class=\"wpforms-field-label\" for=\"wpforms-3527-field_8\">Dados para contato [Fone, WhatsApp, Endere\u00e7o]:<\/label><input type=\"text\" id=\"wpforms-3527-field_8\" class=\"wpforms-field-large\" name=\"wpforms[fields][8]\" ><div class=\"wpforms-field-description\">Contatos que ser\u00e3o exibidos no site.<\/div><\/div><div id=\"wpforms-3527-field_9-container\" class=\"wpforms-field wpforms-field-text\" data-field-id=\"9\"><label class=\"wpforms-field-label\" for=\"wpforms-3527-field_9\">Perfis\/Links de Redes Sociais:<\/label><input type=\"text\" id=\"wpforms-3527-field_9\" class=\"wpforms-field-large\" name=\"wpforms[fields][9]\" ><\/div><div id=\"wpforms-3527-field_15-container\" class=\"wpforms-field wpforms-field-text\" data-field-id=\"15\"><label class=\"wpforms-field-label\" for=\"wpforms-3527-field_15\">Dom\u00ednio (Endere\u00e7o na Web):<\/label><input type=\"text\" id=\"wpforms-3527-field_15\" class=\"wpforms-field-large\" name=\"wpforms[fields][15]\" ><\/div><div id=\"wpforms-3527-field_16-container\" class=\"wpforms-field wpforms-field-radio wpforms-list-2-columns\" data-field-id=\"16\"><label class=\"wpforms-field-label\" for=\"wpforms-3527-field_16\">Seu Dom\u00ednio est\u00e1 sendo usado atualmente para site, e-mails ou algum outro fim?<\/label><ul id=\"wpforms-3527-field_16\"><li class=\"choice-1 depth-1\"><input type=\"radio\" id=\"wpforms-3527-field_16_1\" name=\"wpforms[fields][16]\" value=\"Sim\"  ><label class=\"wpforms-field-label-inline\" for=\"wpforms-3527-field_16_1\">Sim<\/label><\/li><li class=\"choice-2 depth-1\"><input type=\"radio\" id=\"wpforms-3527-field_16_2\" name=\"wpforms[fields][16]\" value=\"N\u00e3o\"  ><label class=\"wpforms-field-label-inline\" for=\"wpforms-3527-field_16_2\">N\u00e3o<\/label><\/li><\/ul><\/div><div id=\"wpforms-3527-field_18-container\" class=\"wpforms-field wpforms-field-text\" data-field-id=\"18\"><label class=\"wpforms-field-label\" for=\"wpforms-3527-field_18\">(Opcional) Informar dados de acesso ao dom\u00ednio para altera\u00e7\u00e3o do DNS:<\/label><input type=\"text\" id=\"wpforms-3527-field_18\" class=\"wpforms-field-large\" name=\"wpforms[fields][18]\" ><\/div><div id=\"wpforms-3527-field_19-container\" class=\"wpforms-field wpforms-field-text\" data-field-id=\"19\"><label class=\"wpforms-field-label\" for=\"wpforms-3527-field_19\">Formas de Pagamento que ser\u00e3o usadas no site:<\/label><input type=\"text\" id=\"wpforms-3527-field_19\" class=\"wpforms-field-large\" name=\"wpforms[fields][19]\" ><\/div><div id=\"wpforms-3527-field_20-container\" class=\"wpforms-field wpforms-field-text\" data-field-id=\"20\"><label class=\"wpforms-field-label\" for=\"wpforms-3527-field_20\">Adquirente administradora de pagamentos:<\/label><input type=\"text\" id=\"wpforms-3527-field_20\" class=\"wpforms-field-large\" name=\"wpforms[fields][20]\" ><div class=\"wpforms-field-description\">Os dados necess\u00e1rios para integra\u00e7\u00e3o ser\u00e3o solicitados de acordo com a escolha da administradora.<\/div><\/div><div id=\"wpforms-3527-field_22-container\" class=\"wpforms-field wpforms-field-text\" data-field-id=\"22\"><label class=\"wpforms-field-label\" for=\"wpforms-3527-field_22\">M\u00e9todos de entrega<\/label><input type=\"text\" id=\"wpforms-3527-field_22\" class=\"wpforms-field-large\" name=\"wpforms[fields][22]\" ><div class=\"wpforms-field-description\">Ex: Taxa fixa, retirada no local, correios...<\/div><\/div><div id=\"wpforms-3527-field_23-container\" class=\"wpforms-field wpforms-field-textarea\" data-field-id=\"23\"><label class=\"wpforms-field-label\" for=\"wpforms-3527-field_23\">Sobre a Loja:<\/label><textarea id=\"wpforms-3527-field_23\" class=\"wpforms-field-medium\" name=\"wpforms[fields][23]\" ><\/textarea><div class=\"wpforms-field-description\">Informar um texto descritivo sobre a empresa que ser\u00e1 exibido na sess\u00e3o de \"quem somos\" ou \"sobre a empresa\".<\/div><\/div><div id=\"wpforms-3527-field_24-container\" class=\"wpforms-field wpforms-field-text\" data-field-id=\"24\"><label class=\"wpforms-field-label\" for=\"wpforms-3527-field_24\">Seu Contato (Nome, Numero, e-mail)<\/label><input type=\"text\" id=\"wpforms-3527-field_24\" class=\"wpforms-field-large\" name=\"wpforms[fields][24]\" ><div class=\"wpforms-field-description\">Digite seus dados para falarmos com voc\u00ea.<\/div><\/div><div id=\"wpforms-3527-field_25-container\" class=\"wpforms-field wpforms-field-text\" data-field-id=\"25\"><label class=\"wpforms-field-label\" for=\"wpforms-3527-field_25\">Layout Escolhido<\/label><input type=\"text\" id=\"wpforms-3527-field_25\" class=\"wpforms-field-large\" name=\"wpforms[fields][25]\" ><\/div><\/div><div class=\"wpforms-submit-container\" ><input type=\"hidden\" name=\"wpforms[id]\" value=\"3527\"><input type=\"hidden\" name=\"wpforms[author]\" value=\"2\"><button type=\"submit\" name=\"wpforms[submit]\" class=\"wpforms-submit \" id=\"wpforms-submit-3527\" value=\"wpforms-submit\" aria-live=\"assertive\" data-alt-text=\"Enviando...\" data-submit-text=\"Enviar\">Enviar<\/button><\/div><\/form><\/div>  <!-- .wpforms-container -->            <\/div>\n\t\t<\/div>\n\t\t\t\t<\/div>\n\t\t\t\t\t\t<\/div>\n\t\t\t\t\t<\/div>\n\t\t<\/div>\n\t\t\t\t\t\t\t\t<\/div>\n\t\t\t\t\t<\/div>\n\t\t<\/section>\n\t\t\t\t\t\t<\/div>\n\t\t\t\t\t\t<\/div>\n\t\t\t\t\t<\/div>\n\t\t","protected":false},"excerpt":{"rendered":"<p>Informa\u00e7\u00f5es Site &amp; e-CommerceAtive o JavaScript no seu navegador para preencher este formul\u00e1rio.Nome Fantasia:Nome que ser\u00e1 exibido no site.Slogan da empresa:Ramo\/Seguimento de atividade:Tempo de atua\u00e7\u00e3o no mercado:Como a empresa surgiu:Valores, ideais, objetivos que regem a empresa:Perguntas Frequentes sobre a empresa, servi\u00e7os prestados ou mercadoria vendida:Informar tamb\u00e9m suas respectivas respostas.Dados para contato (exibido no site) [Fone, [&hellip;]<\/p>\n","protected":false},"author":2,"featured_media":0,"parent":0,"menu_order":0,"comment_status":"closed","ping_status":"closed","template":"elementor_header_footer","meta":[],"uagb_featured_image_src":{"full":false,"thumbnail":false,"medium":false,"medium_large":false,"large":false,"1536x1536":false,"2048x2048":false},"uagb_author_info":{"display_name":"ds5 sistemas","author_link":"https:\/\/ds5.com.br\/site\/author\/ds5\/"},"uagb_comment_info":0,"uagb_excerpt":"Informa\u00e7\u00f5es Site &amp; e-CommerceAtive o JavaScript no seu navegador para preencher este formul\u00e1rio.Nome Fantasia:Nome que ser\u00e1 exibido no site.Slogan da empresa:Ramo\/Seguimento de atividade:Tempo de atua\u00e7\u00e3o no mercado:Como a empresa surgiu:Valores, ideais, objetivos que regem a empresa:Perguntas Frequentes sobre a empresa, servi\u00e7os prestados ou mercadoria vendida:Informar tamb\u00e9m suas respectivas respostas.Dados para contato (exibido no site) [Fone,&hellip;","_links":{"self":[{"href":"https:\/\/ds5.com.br\/site\/wp-json\/wp\/v2\/pages\/3528"}],"collection":[{"href":"https:\/\/ds5.com.br\/site\/wp-json\/wp\/v2\/pages"}],"about":[{"href":"https:\/\/ds5.com.br\/site\/wp-json\/wp\/v2\/types\/page"}],"author":[{"embeddable":true,"href":"https:\/\/ds5.com.br\/site\/wp-json\/wp\/v2\/users\/2"}],"replies":[{"embeddable":true,"href":"https:\/\/ds5.com.br\/site\/wp-json\/wp\/v2\/comments?post=3528"}],"version-history":[{"count":4,"href":"https:\/\/ds5.com.br\/site\/wp-json\/wp\/v2\/pages\/3528\/revisions"}],"predecessor-version":[{"id":3535,"href":"https:\/\/ds5.com.br\/site\/wp-json\/wp\/v2\/pages\/3528\/revisions\/3535"}],"wp:attachment":[{"href":"https:\/\/ds5.com.br\/site\/wp-json\/wp\/v2\/media?parent=3528"}],"curies":[{"name":"wp","href":"https:\/\/api.w.org\/{rel}","templated":true}]}}